{"id":1219,"date":"2017-12-06T17:18:13","date_gmt":"2017-12-06T16:18:13","guid":{"rendered":"http:\/\/www.psukelogos.com\/eon\/?page_id=1219"},"modified":"2018-01-08T00:04:50","modified_gmt":"2018-01-07T23:04:50","slug":"les-jardins-des-bossettes","status":"publish","type":"page","link":"https:\/\/www.psukelogos.com\/eon\/jardin-et-permaculture-2\/les-jardins-des-bossettes\/","title":{"rendered":"Les Jardins des Bossettes"},"content":{"rendered":"<p>&nbsp;<\/p>\n<h5 style=\"text-align: center;\">Cette page regroupe les vid\u00e9os et articles <strong>concernant<\/strong><\/h5>\n<h3 style=\"text-align: center;\"><strong>Les Jardins des Bossettes<\/strong>,<\/h3>\n<h5 style=\"text-align: center;\">un terrain agricole d&rsquo;environ 4,5 ha, situ\u00e9 en Normandie, dans le pays d&rsquo;Auge, pr\u00e8s de Lisieux.<\/h5>\n<p>&nbsp;<\/p>\n<p><a href=\"http:\/\/www.psukelogos.com\/eon\/wp-content\/uploads\/2018\/01\/Les_Jardins_des_Bossettes_entree.jpg\"><img decoding=\"async\" loading=\"lazy\" class=\"aligncenter size-full wp-image-1230\" src=\"http:\/\/www.psukelogos.com\/eon\/wp-content\/uploads\/2018\/01\/Les_Jardins_des_Bossettes_entree.jpg\" alt=\"\" width=\"800\" height=\"533\" srcset=\"https:\/\/www.psukelogos.com\/eon\/wp-content\/uploads\/2018\/01\/Les_Jardins_des_Bossettes_entree.jpg 800w, https:\/\/www.psukelogos.com\/eon\/wp-content\/uploads\/2018\/01\/Les_Jardins_des_Bossettes_entree-400x267.jpg 400w, https:\/\/www.psukelogos.com\/eon\/wp-content\/uploads\/2018\/01\/Les_Jardins_des_Bossettes_entree-768x512.jpg 768w\" sizes=\"(max-width: 800px) 100vw, 800px\" \/><\/a><\/p>\n<h4 style=\"text-align: center;\"><strong>\u00a0<\/strong><\/h4>\n<p>&nbsp;<\/p>\n<p><strong>01)<span style=\"text-decoration: underline;\"> Descriptif :<\/span><\/strong><\/p>\n<p>Comme cela apparait dans la vid\u00e9o ci-dessous, le terrain dont il est question est une prairie de fauche humide, en reconversion vers une agriculture naturelle.<\/p>\n<p><iframe loading=\"lazy\" width=\"500\" height=\"281\" src=\"https:\/\/www.youtube.com\/embed\/_4OpRaZ6GuQ?feature=oembed\" frameborder=\"0\" gesture=\"media\" allow=\"encrypted-media\" allowfullscreen><\/iframe><\/p>\n<h3><\/h3>\n<p>_______________________________________________________________________<\/p>\n<p><a href=\"http:\/\/www.psukelogos.com\/eon\/wp-content\/uploads\/2018\/01\/2017_12_19_Etude_de_sol_creusement_mare-1.jpg\"><img decoding=\"async\" loading=\"lazy\" class=\"size-full wp-image-1244 alignleft\" src=\"http:\/\/www.psukelogos.com\/eon\/wp-content\/uploads\/2018\/01\/2017_12_19_Etude_de_sol_creusement_mare-1.jpg\" alt=\"\" width=\"150\" height=\"150\" \/><\/a><\/p>\n<p>&nbsp;<\/p>\n<h3><a href=\"http:\/\/www.psukelogos.com\/eon\/etude-de-sol-et-creusement-dune-mare\/\">(Vid\u00e9o) 2017\/12\/19 : \u00e9tude de sol et creusement d&rsquo;une mare<\/a><\/h3>\n<p>&nbsp;<\/p>\n<p>&nbsp;<\/p>\n<p>&nbsp;<\/p>\n<p>&nbsp;<\/p>\n<p>&nbsp;<\/p>\n<p>&nbsp;<\/p>\n<p>&nbsp;<\/p>\n<p>__________________________________<\/p>\n<p>A suivre&#8230;<\/p>\n<p>&nbsp;<\/p>\n<p>&nbsp;<\/p>\n<p>&nbsp;<\/p>\n<p>&nbsp;<\/p>\n<p>.<\/p>\n","protected":false},"excerpt":{"rendered":"<p>&nbsp; Cette page regroupe les vid\u00e9os et articles concernant Les Jardins des Bossettes, un terrain agricole d&rsquo;environ 4,5 ha, situ\u00e9 en Normandie, dans le pays d&rsquo;Auge, pr\u00e8s de Lisieux. &nbsp; \u00a0 &nbsp; 01) Descriptif : Comme cela apparait dans la vid\u00e9o ci-dessous, le terrain dont il est question est une prairie de fauche humide, en [&hellip;]<\/p>\n","protected":false},"author":1,"featured_media":1230,"parent":319,"menu_order":2,"comment_status":"closed","ping_status":"closed","template":"","meta":[],"_links":{"self":[{"href":"https:\/\/www.psukelogos.com\/eon\/wp-json\/wp\/v2\/pages\/1219"}],"collection":[{"href":"https:\/\/www.psukelogos.com\/eon\/wp-json\/wp\/v2\/pages"}],"about":[{"href":"https:\/\/www.psukelogos.com\/eon\/wp-json\/wp\/v2\/types\/page"}],"author":[{"embeddable":true,"href":"https:\/\/www.psukelogos.com\/eon\/wp-json\/wp\/v2\/users\/1"}],"replies":[{"embeddable":true,"href":"https:\/\/www.psukelogos.com\/eon\/wp-json\/wp\/v2\/comments?post=1219"}],"version-history":[{"count":12,"href":"https:\/\/www.psukelogos.com\/eon\/wp-json\/wp\/v2\/pages\/1219\/revisions"}],"predecessor-version":[{"id":1245,"href":"https:\/\/www.psukelogos.com\/eon\/wp-json\/wp\/v2\/pages\/1219\/revisions\/1245"}],"up":[{"embeddable":true,"href":"https:\/\/www.psukelogos.com\/eon\/wp-json\/wp\/v2\/pages\/319"}],"wp:featuredmedia":[{"embeddable":true,"href":"https:\/\/www.psukelogos.com\/eon\/wp-json\/wp\/v2\/media\/1230"}],"wp:attachment":[{"href":"https:\/\/www.psukelogos.com\/eon\/wp-json\/wp\/v2\/media?parent=1219"}],"curies":[{"name":"wp","href":"https:\/\/api.w.org\/{rel}","templated":true}]}}