{"id":142,"date":"2012-02-25T07:35:24","date_gmt":"2012-02-25T06:35:24","guid":{"rendered":"http:\/\/www.psukelogos.com\/eon\/?page_id=142"},"modified":"2013-11-23T01:08:47","modified_gmt":"2013-11-23T00:08:47","slug":"jardin-de-ville-potager","status":"publish","type":"page","link":"https:\/\/www.psukelogos.com\/eon\/jardin-et-permaculture-2\/jardin-de-ville-potager\/","title":{"rendered":"Jardin de ville potager"},"content":{"rendered":"<p>L&rsquo;ann\u00e9e 2012 ne fut pas seulement consacr\u00e9e \u00e0 l&rsquo;\u00e9tude. Par un heureux concours de circonstances, au moment o\u00f9 j&rsquo;entamais la formation de praticien en agriculture naturelle de l&rsquo;ITAN, un de mes amis m&rsquo;a propos\u00e9 de disposer d&rsquo;une partie de son jardin pour m&rsquo;essayer au potager. La parcelle fait environ 140 m\u00b2, dimensions proches des jardins naturels d&rsquo;Emilia Hazelip ou de Jean-Marie Lespinasse. <\/p>\n<p><strong>Caract\u00e9ristiques :<\/strong><\/p>\n<p>La parcelle se situe \u00e0 Argenteuil, dans le Val d&rsquo;Oise (95), \u00e0 une dizaine de kilom\u00e8tres au nord-ouest des portes de Paris. Bord\u00e9e par un m\u00e9andre de la Seine au sud, la commune s&rsquo;\u00e9tend sur les flancs des buttes t\u00e9moins du Parisis. La roche est donc s\u00e9dimentaire et ce sont les marnes calcaires qui dominent.<br \/>\nLe climat est oc\u00e9anique d\u00e9grad\u00e9, avec une temp\u00e9rature annuelle moyenne de 11\u00b0, qui d\u00e9passe rarement les 30\u00b0 et ne descend qu\u2019exceptionnellement en dessous de -10\u00b0. La pluviom\u00e9trie moyenne dans le Val d&rsquo;Oise est d&rsquo;environ 700 mm par an et par m\u00e8tre carr\u00e9.<\/p>\n<p>Le jardin se trouve plus pr\u00e9cis\u00e9ment sur la face nord-est de la butte d&rsquo;Orgemont, d&rsquo;o\u00f9 il surplombe une partie de la vall\u00e9e de Montmorency \u00e0 une altitude d&rsquo;environ 70 m au dessus du niveau de la mer. Il est relativement prot\u00e9g\u00e9 des vents d&rsquo;ouest dominants par des habitations et le sommet de la butte, qui culmine \u00e0 148 m, tandis qu&rsquo;une haie de lauriers \u00e0 feuilles persistantes temp\u00e8re l\u2019ardeur des vents du nord.<br \/>\nA noter que la proximit\u00e9 imm\u00e9diate de l&rsquo;agglom\u00e9ration parisienne cr\u00e9\u00e9e un vaste microclimat avec des temp\u00e9ratures parfois sup\u00e9rieures de 2\u00b0 \u00e0 3\u00b0 par rapport aux zones rurales du d\u00e9partement.<\/p>\n<p>Le terrain pr\u00e9sente une pente prononc\u00e9e sur toute sa longueur. On entre par la rue au nord pour remonter le long de la maison. Puis en haut et au bout du jardin d&rsquo;agr\u00e9ment, un passage dans la haie ouvre sur la parcelle proprement dite, en blanc sur le plan cadastral ci-dessus.<br \/>\nAu sud et en bas sur le plan, une proche habitation de deux \u00e9tages coupe les rayons du soleil, ce qui fait qu&rsquo;une bonne partie du terrain reste en permanence dans l&rsquo;ombre. La lumi\u00e8re du matin et du soir passe cependant par les deux jardins de chaque cot\u00e9, tandis que le soleil d&rsquo;\u00e9t\u00e9 \u00e0 son z\u00e9nith parvient \u00e0 illuminer plus des deux tiers de la surface.<\/p>\n<p>Mars 2012 \u2013 Ancien potager avec la terre \u00e0 nu, pris en direction du sud-est <\/p>\n<p>Les plantes bio-indicatrices, telles que la beno\u00eete des villes, la brunelle commune, les renoncules, la val\u00e9riane ou encore l&rsquo;euphorbe \u00e9sule, indiquent globalement un sol engorg\u00e9 en MO archa\u00efques et des ana\u00e9robioses dues \u00e0 des exc\u00e8s de r\u00e9tention d&rsquo;eau. On trouve plus bas les pissenlits, des liserons et des cirses li\u00e9s au compactage du sol par le pi\u00e9tinement. La couche de terre v\u00e9g\u00e9tale est de structure \u00e9quilibr\u00e9e, de couleur fonc\u00e9e et capable de se gorger d&rsquo;eau. Elle mesure une trentaine de centim\u00e8tres puis laisse brutalement place \u00e0 la terre min\u00e9rale, moins glaiseuse, plus friable et de couleur marron clair.<\/p>\n<p>Juin 2012 \u2013 Butte potag\u00e8re au premier plan et friche au second, pris en direction du nord-ouest <\/p>\n<p>Enfin, le lieu forme un carr\u00e9 d&rsquo;environ 12 x 12 m, ce qui, lorsque l&rsquo;on soustrait les thuyas qui prot\u00e8gent l&rsquo;entr\u00e9e et la zone en permanence ombrag\u00e9e, repr\u00e9sente environs 90 m\u00b2 de terres cultivables.<\/p>\n<p>___________________________________________________________________________________________________<\/p>\n<p><img decoding=\"async\" loading=\"lazy\" src=\"http:\/\/www.psukelogos.com\/eon\/wp-content\/uploads\/2013\/10\/A_Plan-du-potager_Vignette.gif\" alt=\"A_Plan-du-potager_Vignette\" width=\"125\" height=\"83\" class=\"alignleft size-full wp-image-953\" \/><br \/>\n<a href=\"http:\/\/www.psukelogos.com\/eon\/jardin-et-permaculture-2\/jardin-de-ville-potager\/annee-2013\/\"><strong>Ann\u00e9e 2013<\/strong><\/a><\/p>\n<p>___________________________________________________________________________________________________<\/p>\n<p><img decoding=\"async\" loading=\"lazy\" src=\"http:\/\/www.psukelogos.com\/eon\/wp-content\/uploads\/2013\/10\/A_Plan-du-potager_Vignette.gif\" alt=\"A_Plan-du-potager_Vignette\" width=\"125\" height=\"83\" class=\"alignleft size-full wp-image-953\" \/><br \/>\n<a href=\"http:\/\/www.psukelogos.com\/eon\/jardin-et-permaculture-2\/jardin-de-ville-potager\/annee-2012\/\"><strong>Ann\u00e9e 2012<\/strong><\/a><\/p>\n<p>___________________________________________________________________________________________________<\/p>\n","protected":false},"excerpt":{"rendered":"<p>L&rsquo;ann\u00e9e 2012 ne fut pas seulement consacr\u00e9e \u00e0 l&rsquo;\u00e9tude. Par un heureux concours de circonstances, au moment o\u00f9 j&rsquo;entamais la formation de praticien en agriculture naturelle de l&rsquo;ITAN, un de mes amis m&rsquo;a propos\u00e9 de disposer d&rsquo;une partie de son jardin pour m&rsquo;essayer au potager. La parcelle fait environ 140 m\u00b2, dimensions proches des jardins [&hellip;]<\/p>\n","protected":false},"author":1,"featured_media":0,"parent":319,"menu_order":3,"comment_status":"closed","ping_status":"closed","template":"","meta":[],"_links":{"self":[{"href":"https:\/\/www.psukelogos.com\/eon\/wp-json\/wp\/v2\/pages\/142"}],"collection":[{"href":"https:\/\/www.psukelogos.com\/eon\/wp-json\/wp\/v2\/pages"}],"about":[{"href":"https:\/\/www.psukelogos.com\/eon\/wp-json\/wp\/v2\/types\/page"}],"author":[{"embeddable":true,"href":"https:\/\/www.psukelogos.com\/eon\/wp-json\/wp\/v2\/users\/1"}],"replies":[{"embeddable":true,"href":"https:\/\/www.psukelogos.com\/eon\/wp-json\/wp\/v2\/comments?post=142"}],"version-history":[{"count":1,"href":"https:\/\/www.psukelogos.com\/eon\/wp-json\/wp\/v2\/pages\/142\/revisions"}],"predecessor-version":[{"id":1137,"href":"https:\/\/www.psukelogos.com\/eon\/wp-json\/wp\/v2\/pages\/142\/revisions\/1137"}],"up":[{"embeddable":true,"href":"https:\/\/www.psukelogos.com\/eon\/wp-json\/wp\/v2\/pages\/319"}],"wp:attachment":[{"href":"https:\/\/www.psukelogos.com\/eon\/wp-json\/wp\/v2\/media?parent=142"}],"curies":[{"name":"wp","href":"https:\/\/api.w.org\/{rel}","templated":true}]}}