{"id":188,"date":"2012-02-25T22:59:01","date_gmt":"2012-02-25T21:59:01","guid":{"rendered":"http:\/\/www.psukelogos.com\/eon\/?page_id=188"},"modified":"2013-11-23T01:09:17","modified_gmt":"2013-11-23T00:09:17","slug":"therapies-alternatives","status":"publish","type":"page","link":"https:\/\/www.psukelogos.com\/eon\/sante-et-psychologie\/therapies-alternatives\/","title":{"rendered":"Th\u00e9rapies alternatives"},"content":{"rendered":"<p>Espace r\u00e9serv\u00e9 aux th\u00e9rapies alternatives (en construction)<\/p>\n<p>Notre premi\u00e8re m\u00e9decine est la nutrition, et j&rsquo;en apprends beaucoup en ce moment \u00e0 ce sujet gr\u00e2ce aux vid\u00e9os de Vivrecru et \u00e0 mon exp\u00e9rimentation des principes de l&rsquo;hygi\u00e9nisme.<\/p>\n<p>En attendant un texte de pr\u00e9sentation digne de ce nom pour cette section d\u00e9di\u00e9e aux th\u00e9rapie alternatives, je place les articles entrant dans cette cat\u00e9gorie ici :<\/p>\n<p>________________________________________________________________________________________________________<\/p>\n<p><img decoding=\"async\" loading=\"lazy\" src=\"http:\/\/www.psukelogos.com\/eon\/wp-content\/uploads\/2012\/02\/Petit-dej_Vignette.jpg\" alt=\"Petit-dej_Vignette\" width=\"125\" height=\"83\" class=\"alignleft size-full wp-image-895\" \/><br \/>\n<a href=\"http:\/\/www.psukelogos.com\/eon\/petit-dej-ju-vert-01\/\"><strong>Pour le petit d\u00e9jeuner, rien de tel qu\u2019un grand verre de ju vert !<\/strong><\/a><\/p>\n<p>________________________________________________________________________________________________________<\/p>\n<p><img decoding=\"async\" loading=\"lazy\" src=\"http:\/\/www.psukelogos.com\/eon\/wp-content\/uploads\/2012\/02\/Nicolas-Souchal_Vignette.jpg\" alt=\"Nicolas-Souchal_Vignette\" width=\"125\" height=\"83\" class=\"alignleft size-full wp-image-899\" \/><br \/>\n<a href=\"http:\/\/www.psukelogos.com\/eon\/the-living-interview-de-nicolas-souchal\/\"><strong>The living interview de Nicolas Souchal<\/strong><\/a><\/p>\n<p>________________________________________________________________________________________________________<\/p>\n","protected":false},"excerpt":{"rendered":"<p>Espace r\u00e9serv\u00e9 aux th\u00e9rapies alternatives (en construction) Notre premi\u00e8re m\u00e9decine est la nutrition, et j&rsquo;en apprends beaucoup en ce moment \u00e0 ce sujet gr\u00e2ce aux vid\u00e9os de Vivrecru et \u00e0 mon exp\u00e9rimentation des principes de l&rsquo;hygi\u00e9nisme. En attendant un texte de pr\u00e9sentation digne de ce nom pour cette section d\u00e9di\u00e9e aux th\u00e9rapie alternatives, je place [&hellip;]<\/p>\n","protected":false},"author":1,"featured_media":0,"parent":31,"menu_order":2,"comment_status":"closed","ping_status":"closed","template":"","meta":[],"_links":{"self":[{"href":"https:\/\/www.psukelogos.com\/eon\/wp-json\/wp\/v2\/pages\/188"}],"collection":[{"href":"https:\/\/www.psukelogos.com\/eon\/wp-json\/wp\/v2\/pages"}],"about":[{"href":"https:\/\/www.psukelogos.com\/eon\/wp-json\/wp\/v2\/types\/page"}],"author":[{"embeddable":true,"href":"https:\/\/www.psukelogos.com\/eon\/wp-json\/wp\/v2\/users\/1"}],"replies":[{"embeddable":true,"href":"https:\/\/www.psukelogos.com\/eon\/wp-json\/wp\/v2\/comments?post=188"}],"version-history":[{"count":1,"href":"https:\/\/www.psukelogos.com\/eon\/wp-json\/wp\/v2\/pages\/188\/revisions"}],"predecessor-version":[{"id":1142,"href":"https:\/\/www.psukelogos.com\/eon\/wp-json\/wp\/v2\/pages\/188\/revisions\/1142"}],"up":[{"embeddable":true,"href":"https:\/\/www.psukelogos.com\/eon\/wp-json\/wp\/v2\/pages\/31"}],"wp:attachment":[{"href":"https:\/\/www.psukelogos.com\/eon\/wp-json\/wp\/v2\/media?parent=188"}],"curies":[{"name":"wp","href":"https:\/\/api.w.org\/{rel}","templated":true}]}}