{"id":352,"date":"2013-06-26T18:14:52","date_gmt":"2013-06-26T17:14:52","guid":{"rendered":"http:\/\/www.psukelogos.com\/eon\/?page_id=352"},"modified":"2013-11-23T01:09:24","modified_gmt":"2013-11-23T00:09:24","slug":"plantes-medicinales","status":"publish","type":"page","link":"https:\/\/www.psukelogos.com\/eon\/sante-et-psychologie\/plantes-medicinales\/","title":{"rendered":"Plantes m\u00e9dicinales"},"content":{"rendered":"<p>Section d\u00e9di\u00e9e \u00e0 l&rsquo;herboristerie et aux plantes m\u00e9dicinales<\/p>\n<p>_________________________________________________________________________________________<\/p>\n<p><img decoding=\"async\" src=\"https:\/\/lh6.googleusercontent.com\/-wq4mQpImeSM\/UjPFgYozTTI\/AAAAAAAAAmM\/KG7EhwnRMpQ\/w125-h83-no\/Vignette_renouee-bistorte.jpg\" alt=\"Renou\u00e9e bistorte\" \/><br \/>\n<a href=\"http:\/\/www.psukelogos.com\/eon\/renouee-bistorte-polygonum-bistorta-2\/\" title=\"Renou\u00e9e bistorte (polygonum bistorta)\"><strong>Renou\u00e9e bistorte (Polygonum bistorta)<\/strong><\/a><\/p>\n<p>_________________________________________________________________________________________<\/p>\n","protected":false},"excerpt":{"rendered":"<p>Section d\u00e9di\u00e9e \u00e0 l&rsquo;herboristerie et aux plantes m\u00e9dicinales _________________________________________________________________________________________ Renou\u00e9e bistorte (Polygonum bistorta) _________________________________________________________________________________________<\/p>\n","protected":false},"author":1,"featured_media":0,"parent":31,"menu_order":3,"comment_status":"closed","ping_status":"closed","template":"","meta":[],"_links":{"self":[{"href":"https:\/\/www.psukelogos.com\/eon\/wp-json\/wp\/v2\/pages\/352"}],"collection":[{"href":"https:\/\/www.psukelogos.com\/eon\/wp-json\/wp\/v2\/pages"}],"about":[{"href":"https:\/\/www.psukelogos.com\/eon\/wp-json\/wp\/v2\/types\/page"}],"author":[{"embeddable":true,"href":"https:\/\/www.psukelogos.com\/eon\/wp-json\/wp\/v2\/users\/1"}],"replies":[{"embeddable":true,"href":"https:\/\/www.psukelogos.com\/eon\/wp-json\/wp\/v2\/comments?post=352"}],"version-history":[{"count":1,"href":"https:\/\/www.psukelogos.com\/eon\/wp-json\/wp\/v2\/pages\/352\/revisions"}],"predecessor-version":[{"id":1143,"href":"https:\/\/www.psukelogos.com\/eon\/wp-json\/wp\/v2\/pages\/352\/revisions\/1143"}],"up":[{"embeddable":true,"href":"https:\/\/www.psukelogos.com\/eon\/wp-json\/wp\/v2\/pages\/31"}],"wp:attachment":[{"href":"https:\/\/www.psukelogos.com\/eon\/wp-json\/wp\/v2\/media?parent=352"}],"curies":[{"name":"wp","href":"https:\/\/api.w.org\/{rel}","templated":true}]}}