{"id":43,"date":"2012-02-06T23:57:43","date_gmt":"2012-02-06T22:57:43","guid":{"rendered":"http:\/\/www.psukelogos.com\/eon\/?page_id=43"},"modified":"2013-11-23T01:09:10","modified_gmt":"2013-11-23T00:09:10","slug":"psychologie-esoterique","status":"publish","type":"page","link":"https:\/\/www.psukelogos.com\/eon\/sante-et-psychologie\/psychologie-esoterique\/","title":{"rendered":"Psychologie \u00e9sot\u00e9rique"},"content":{"rendered":"<p><a href=\"http:\/\/www.psukelogos.com\/eon\/wp-content\/uploads\/2012\/02\/Icone-Psuke.jpg\"><img decoding=\"async\" loading=\"lazy\" src=\"http:\/\/www.psukelogos.com\/eon\/wp-content\/uploads\/2012\/02\/Icone-Psuke.jpg\" alt=\"Icone Psuke\" width=\"160\" height=\"160\" class=\"alignleft size-full wp-image-805\" srcset=\"https:\/\/www.psukelogos.com\/eon\/wp-content\/uploads\/2012\/02\/Icone-Psuke.jpg 160w, https:\/\/www.psukelogos.com\/eon\/wp-content\/uploads\/2012\/02\/Icone-Psuke-150x150.jpg 150w\" sizes=\"(max-width: 160px) 100vw, 160px\" \/><\/a>Je vous propose sur cette page des articles ou des sujets traitants tout aussi bien d&rsquo;\u00e9sot\u00e9risme que de psychologie. <\/p>\n<p>L&rsquo;acc\u00e8s \u00e0 une forme de psychologie vraiment d\u00e9programm\u00e9e jusqu&rsquo;au trognon \ud83d\ude42 (c&rsquo;est \u00e0 dire purg\u00e9e des divers ajouts provenant de multiples traditions), passe en effet par l&rsquo;\u00e9tude des lois et des principes qui pr\u00e9sident et gouvernent notre univers. <\/p>\n<p>Ce sont ces principes que les psychologues \u00e9sot\u00e9riques s&rsquo;appliquent \u00e0 remanier dans leur forme la plus externe, afin que la transmission \u00e9volue et s&rsquo;adapte aux connaissances, aux langues et aux mentalit\u00e9s des diff\u00e9rentes \u00e9poques et r\u00e9gions du globe.<br \/>\nL&rsquo;ensemble de ce corpus de connaissance s&rsquo;est transmis \u00e0 travers les mill\u00e9naires gr\u00e2ce \u00e0 l&rsquo;action d&rsquo;hommes et de femmes qui avaient \u00e0 coeur de le mettre en \u0153uvre pour eux m\u00eame, puis de le partager dans la joie. <\/p>\n<p>Selon les p\u00e9riodes, cette transmission fut tant\u00f4t orales, tant\u00f4t \u00e9crite, parfois autoris\u00e9e, souvent proscrite, mais depuis pr\u00e8s de 12 000 ans, sous diff\u00e9rentes formes, elle refait surface et se r\u00e9pand plus ou moins ouvertement parmi les peuples, quittant l&rsquo;ombre pour la lumi\u00e8re lorsque les temps sont venus pour elle de le faire.<\/p>\n<p>Je d\u00e9die cette page \u00e0 <strong>Serge<\/strong> et <strong>Laeti<\/strong> de Psukelogos, ainsi qu&rsquo;\u00e0 tous les Psuke. <\/p>\n<p>Si apr\u00e8s m&rsquo;avoir lu, vous souhaitez approfondir ces sujets, vous pouvez nous rejoindre sur le forum que notre association culturelle d\u00e9die \u00e0 la psy \u00e9so, comme nous l&rsquo;appelons entre nous. Pour cela rien de plus simple, cliquez sur la banni\u00e8re :<\/p>\n<p><a href=\"http:\/\/www.psukelogos.com\/forum\/index.php\"><img decoding=\"async\" src=\"http:\/\/www.psukelogos.com\/forum\/styles\/proFusion\/imageset\/site_logo.png\" alt=\"Icone_Notre-premier-cerveau\" class=\"aligncenter size-full wp-image-782\" \/><\/a><\/p>\n<p>Les articles dont je placerai les liens permanents dans cette page, seront class\u00e9s par date plut\u00f4t que par th\u00e8me. En d\u00e9calant les plus vieilles vers le bas au fur et \u00e0 mesure que je les \u00e9crirai. Il sera toujours temps de revenir sur cette d\u00e9cision si les circonstances s&rsquo;y pr\u00eatent.<\/p>\n<p>En esp\u00e9rant que ces futures lectures vous inspireront tout autant qu&rsquo;elles me seront agr\u00e9ables \u00e0 r\u00e9diger.<\/p>\n<p>Oromasus<\/p>\n<p>______________________________________________________________________________________________________<\/p>\n<p><img decoding=\"async\" loading=\"lazy\" src=\"http:\/\/www.psukelogos.com\/eon\/wp-content\/uploads\/2012\/02\/Vignette-premier_cerveau.jpg\" alt=\"Vignette-premier_cerveau\" width=\"125\" height=\"83\" class=\"alignleft size-full\" \/><br \/>\n<a href=\"http:\/\/www.psukelogos.com\/eon\/notre-premier-cerveau-physiologie-humaine-et-psychologie-esoterique\/\"><strong>Notre premier cerveau &#8211; physiologie humaine et psychologie \u00e9sot\u00e9rique<\/strong><\/a><\/p>\n<p>______________________________________________________________________________________________________<\/p>\n<p><img decoding=\"async\" loading=\"lazy\" src=\"http:\/\/www.psukelogos.com\/eon\/wp-content\/uploads\/2013\/10\/Icone_Koan.jpg\" alt=\"Icone_Koan\" width=\"325\" height=\"351\" class=\"alignleft size-full wp-image-1036\" \/><br \/>\n<a href=\"http:\/\/www.psukelogos.com\/eon\/quest-ce-quun-koan\/\"><strong>Qu&rsquo;est ce qu&rsquo;un Koan ?<\/strong><\/a><\/p>\n<p>______________________________________________________________________________________________________<\/p>\n<p>&#8211;<\/p>\n","protected":false},"excerpt":{"rendered":"<p>Je vous propose sur cette page des articles ou des sujets traitants tout aussi bien d&rsquo;\u00e9sot\u00e9risme que de psychologie. L&rsquo;acc\u00e8s \u00e0 une forme de psychologie vraiment d\u00e9programm\u00e9e jusqu&rsquo;au trognon \ud83d\ude42 (c&rsquo;est \u00e0 dire purg\u00e9e des divers ajouts provenant de multiples traditions), passe en effet par l&rsquo;\u00e9tude des lois et des principes qui pr\u00e9sident et gouvernent [&hellip;]<\/p>\n","protected":false},"author":1,"featured_media":805,"parent":31,"menu_order":1,"comment_status":"closed","ping_status":"closed","template":"","meta":[],"_links":{"self":[{"href":"https:\/\/www.psukelogos.com\/eon\/wp-json\/wp\/v2\/pages\/43"}],"collection":[{"href":"https:\/\/www.psukelogos.com\/eon\/wp-json\/wp\/v2\/pages"}],"about":[{"href":"https:\/\/www.psukelogos.com\/eon\/wp-json\/wp\/v2\/types\/page"}],"author":[{"embeddable":true,"href":"https:\/\/www.psukelogos.com\/eon\/wp-json\/wp\/v2\/users\/1"}],"replies":[{"embeddable":true,"href":"https:\/\/www.psukelogos.com\/eon\/wp-json\/wp\/v2\/comments?post=43"}],"version-history":[{"count":1,"href":"https:\/\/www.psukelogos.com\/eon\/wp-json\/wp\/v2\/pages\/43\/revisions"}],"predecessor-version":[{"id":1141,"href":"https:\/\/www.psukelogos.com\/eon\/wp-json\/wp\/v2\/pages\/43\/revisions\/1141"}],"up":[{"embeddable":true,"href":"https:\/\/www.psukelogos.com\/eon\/wp-json\/wp\/v2\/pages\/31"}],"wp:featuredmedia":[{"embeddable":true,"href":"https:\/\/www.psukelogos.com\/eon\/wp-json\/wp\/v2\/media\/805"}],"wp:attachment":[{"href":"https:\/\/www.psukelogos.com\/eon\/wp-json\/wp\/v2\/media?parent=43"}],"curies":[{"name":"wp","href":"https:\/\/api.w.org\/{rel}","templated":true}]}}