{"id":504,"date":"2013-07-26T03:05:33","date_gmt":"2013-07-26T02:05:33","guid":{"rendered":"http:\/\/www.psukelogos.com\/eon\/?page_id=504"},"modified":"2013-11-23T01:08:59","modified_gmt":"2013-11-23T00:08:59","slug":"annee-2013","status":"publish","type":"page","link":"https:\/\/www.psukelogos.com\/eon\/jardin-et-permaculture-2\/jardin-de-ville-potager\/annee-2013\/","title":{"rendered":"Ann\u00e9e 2013"},"content":{"rendered":"<p>Voici les photos et les travaux effectu\u00e9s au cours de l&rsquo;ann\u00e9e 2013<\/p>\n","protected":false},"excerpt":{"rendered":"<p>Voici les photos et les travaux effectu\u00e9s au cours de l&rsquo;ann\u00e9e 2013<\/p>\n","protected":false},"author":1,"featured_media":0,"parent":142,"menu_order":1,"comment_status":"closed","ping_status":"closed","template":"","meta":[],"_links":{"self":[{"href":"https:\/\/www.psukelogos.com\/eon\/wp-json\/wp\/v2\/pages\/504"}],"collection":[{"href":"https:\/\/www.psukelogos.com\/eon\/wp-json\/wp\/v2\/pages"}],"about":[{"href":"https:\/\/www.psukelogos.com\/eon\/wp-json\/wp\/v2\/types\/page"}],"author":[{"embeddable":true,"href":"https:\/\/www.psukelogos.com\/eon\/wp-json\/wp\/v2\/users\/1"}],"replies":[{"embeddable":true,"href":"https:\/\/www.psukelogos.com\/eon\/wp-json\/wp\/v2\/comments?post=504"}],"version-history":[{"count":1,"href":"https:\/\/www.psukelogos.com\/eon\/wp-json\/wp\/v2\/pages\/504\/revisions"}],"predecessor-version":[{"id":1139,"href":"https:\/\/www.psukelogos.com\/eon\/wp-json\/wp\/v2\/pages\/504\/revisions\/1139"}],"up":[{"embeddable":true,"href":"https:\/\/www.psukelogos.com\/eon\/wp-json\/wp\/v2\/pages\/142"}],"wp:attachment":[{"href":"https:\/\/www.psukelogos.com\/eon\/wp-json\/wp\/v2\/media?parent=504"}],"curies":[{"name":"wp","href":"https:\/\/api.w.org\/{rel}","templated":true}]}}