{"id":59,"date":"2012-02-07T01:10:46","date_gmt":"2012-02-07T00:10:46","guid":{"rendered":"http:\/\/www.psukelogos.com\/eon\/?page_id=59"},"modified":"2013-11-23T01:08:19","modified_gmt":"2013-11-23T00:08:19","slug":"plantes","status":"publish","type":"page","link":"https:\/\/www.psukelogos.com\/eon\/jardin-et-permaculture-2\/plantes\/","title":{"rendered":"Plantes"},"content":{"rendered":"<p>Familles de plantes<\/p>\n<p><a href=\"http:\/\/www.psukelogos.com\/eon\/jardin-et-permaculture-2\/plantes\/plantes-sauvages\/\" title=\"Plantes sauvages\"><strong>Plantes sauvages<\/strong><\/a> : liste par famille de plantes sauvages comestibles<br \/>\n<a href=\"http:\/\/www.psukelogos.com\/eon\/jardin-et-permaculture-2\/plantes\/plantes-cultivees\/\" title=\"Plantes cultiv\u00e9es\"><strong>Plantes cultiv\u00e9es<\/strong><\/a> : liste, description et suivi des l\u00e9gumes cultiv\u00e9s au jardin<br \/>\n<a href=\"http:\/\/www.psukelogos.com\/eon\/jardin-et-permaculture-2\/plantes\/plantes-medicinales\/\" title=\"Plantes m\u00e9dicinales\"><strong>Plantes m\u00e9dicinales<\/strong><\/a> : sauvages ou cultiv\u00e9e, cette rubrique est consacr\u00e9e \u00e0 la phytoth\u00e9rapie<\/p>\n","protected":false},"excerpt":{"rendered":"<p>Familles de plantes Plantes sauvages : liste par famille de plantes sauvages comestibles Plantes cultiv\u00e9es : liste, description et suivi des l\u00e9gumes cultiv\u00e9s au jardin Plantes m\u00e9dicinales : sauvages ou cultiv\u00e9e, cette rubrique est consacr\u00e9e \u00e0 la phytoth\u00e9rapie<\/p>\n","protected":false},"author":1,"featured_media":0,"parent":319,"menu_order":1,"comment_status":"closed","ping_status":"closed","template":"","meta":[],"_links":{"self":[{"href":"https:\/\/www.psukelogos.com\/eon\/wp-json\/wp\/v2\/pages\/59"}],"collection":[{"href":"https:\/\/www.psukelogos.com\/eon\/wp-json\/wp\/v2\/pages"}],"about":[{"href":"https:\/\/www.psukelogos.com\/eon\/wp-json\/wp\/v2\/types\/page"}],"author":[{"embeddable":true,"href":"https:\/\/www.psukelogos.com\/eon\/wp-json\/wp\/v2\/users\/1"}],"replies":[{"embeddable":true,"href":"https:\/\/www.psukelogos.com\/eon\/wp-json\/wp\/v2\/comments?post=59"}],"version-history":[{"count":1,"href":"https:\/\/www.psukelogos.com\/eon\/wp-json\/wp\/v2\/pages\/59\/revisions"}],"predecessor-version":[{"id":1133,"href":"https:\/\/www.psukelogos.com\/eon\/wp-json\/wp\/v2\/pages\/59\/revisions\/1133"}],"up":[{"embeddable":true,"href":"https:\/\/www.psukelogos.com\/eon\/wp-json\/wp\/v2\/pages\/319"}],"wp:attachment":[{"href":"https:\/\/www.psukelogos.com\/eon\/wp-json\/wp\/v2\/media?parent=59"}],"curies":[{"name":"wp","href":"https:\/\/api.w.org\/{rel}","templated":true}]}}