{"id":825,"date":"2013-10-03T14:10:55","date_gmt":"2013-10-03T13:10:55","guid":{"rendered":"http:\/\/www.psukelogos.com\/eon\/?page_id=825"},"modified":"2018-01-08T01:22:40","modified_gmt":"2018-01-08T00:22:40","slug":"agriculture-naturelle","status":"publish","type":"page","link":"https:\/\/www.psukelogos.com\/eon\/jardin-et-permaculture-2\/agriculture-naturelle\/","title":{"rendered":"Agriculture naturelle"},"content":{"rendered":"<p>Je cr\u00e9\u00e9 cette page aujourd&rsquo;hui, afin d&rsquo;y placer quelques textes \u00e9crits dans le cadre de mes \u00e9tudes en agriculture naturelle.<\/p>\n<p>Cette nouvelle approche de la conduite d&rsquo;une culture v\u00e9g\u00e9tale, a \u00e9t\u00e9 pour la premi\u00e8re fois exp\u00e9riment\u00e9e concr\u00e8tement au Japon, par le microbiologiste de formation Masanobu Fukuoka. Confront\u00e9 \u00e0 la r\u00e9alit\u00e9 de sa propre mort lors d&rsquo;une intense maladie, le jeune homme qu&rsquo;il \u00e9tait alors quitta le laboratoire d&rsquo;analyse o\u00f9 il \u00e9tait promis \u00e0 une brillante carri\u00e8re, pour cultiver pendant tout le reste de sa vie un lopin de terre de quelques hectares.<\/p>\n<p><center><a href=\"http:\/\/www.psukelogos.com\/eon\/wp-content\/uploads\/2018\/01\/Fukuoka.jpeg\"><img decoding=\"async\" loading=\"lazy\" class=\"aligncenter size-full wp-image-1262\" src=\"http:\/\/www.psukelogos.com\/eon\/wp-content\/uploads\/2018\/01\/Fukuoka.jpeg\" alt=\"\" width=\"248\" height=\"315\" \/><\/a>Masanobu Fukuoka<\/center>&nbsp;<\/p>\n<p>Sa pratique, forg\u00e9e au fil d&rsquo;une quarantaine d&rsquo;ann\u00e9es de t\u00e2tonnements et d&rsquo;exp\u00e9rimentations, repose sur quatre principes majeurs :<\/p>\n<p><strong>&#8211; pas de labour ni de travail du sol en profondeur<\/strong><br \/>\n<strong>&#8211; pas d&rsquo;engrais ni de fertilisants d&rsquo;aucune sorte<\/strong><br \/>\n<strong>&#8211; pas de sarclage ni d&rsquo;arrachage des adventices<\/strong> (commun\u00e9ment appel\u00e9es \u00ab\u00a0mauvaises herbes\u00a0\u00bb)<br \/>\n<strong>&#8211; pas de pesticides, ni de fongicides, insecticides<\/strong>, tous ces mots qui finissent en \u00ab\u00a0ide\u00a0\u00bb pour ne pas dire franchement qu&rsquo;il s&rsquo;agit de tuer la vie sous toutes ses formes et de mani\u00e8re cibl\u00e9e.<\/p>\n<p>A ces quatre principes s&rsquo;en ajoute parfois un cinqui\u00e8me :<\/p>\n<p><strong>&#8211; pas de taille des arbres fruitiers<\/strong><\/p>\n<p>Plut\u00f4t que de dire : \u00ab\u00a0il y a un probl\u00e8me, que puis-je faire pour y rem\u00e9dier ?\u00a0\u00bb, ce que feraient la plupart d&rsquo;entre nous, Fukuoka s&rsquo;est pos\u00e9 la question de savoir ce qu&rsquo;il adviendrait s&rsquo;il arr\u00eatait de faire ceci, ou cela. Ce pourquoi l&rsquo;agriculture naturelle est aussi appel\u00e9e l&rsquo;agriculture du \u00ab\u00a0non agir\u00a0\u00bb. Une notion qu&rsquo;il est difficile de traduire du japonais \u00e0 l&rsquo;anglais, ou au fran\u00e7ais, car elle est \u00e9trang\u00e8re \u00e0 notre mode de pens\u00e9e occidental.<\/p>\n<p>Une fois sa pratique aboutie, Fukuoka \u00e9tait en mesure de rivaliser avec les rendements de l&rsquo;agriculture chimique, voir m\u00eame de mieux s&rsquo;en sortir certaines ann\u00e9es. Mais l\u00e0 o\u00f9 le sol des parcelles \u00e0 haut rendement s\u2019\u00e9puisent d&rsquo;une saison sur l&rsquo;autre, celle de Fukuoka se bonifiait et gagnait en fertilit\u00e9 ann\u00e9e apr\u00e8s ann\u00e9e.<\/p>\n<p>De nombreux \u00e9tudiants firent le voyage depuis le monde entier pour constater de leurs yeux ce petit miracle, et pour apprendre aupr\u00e8s du ma\u00eetre. Mais il s&rsquo;av\u00e8re avec le recul, que Fukuoka, qui d\u00e9j\u00e0 \u00e9tait lui-m\u00eame un homme exceptionnel, b\u00e9n\u00e9ficiait d&rsquo;une situation g\u00e9ographique particuli\u00e8rement privil\u00e9gi\u00e9e : en bordure d&rsquo;oc\u00e9an dans le sud du Japon, au pied et sur les pentes d&rsquo;un ancien volcan.<\/p>\n<p>De plus, la difficult\u00e9 de l&rsquo;agriculture naturelle est qu&rsquo;elle ne peut pas fonctionner si l&rsquo;on suit des programmes \u00e9tablis et des recettes \u00e9labor\u00e9es en laboratoire par d&rsquo;\u00e9minents agronomes, ou r\u00e9v\u00e9l\u00e9es par l&rsquo;intuition \u00e0 de riches visionnaires new-ages. Pour chaque type de sol, pour chaque climat diff\u00e9rent, pour chaque agriculteur, il faudra trouver des solutions adapt\u00e9es \u00e0 chaque cas particulier pour pouvoir mettre en pratique les principes de Fukuoka.<br \/>\nCe qui n&rsquo;arrange pas les affaires de ceux qui pr\u00f4nent une planification mondialiste de la ressource agricole.<\/p>\n<p>L&rsquo;agriculture naturelle n&rsquo;attire pas l&rsquo;attention car elle est trop simple, mais aussi trop pointilleuse et exigeante. Elle se pratique en exp\u00e9rimentant autour des principes de Fukuoka, ce qui implique aussi qu&rsquo;il nous faut admettre une bonne fois pour toutes, que nous ne pourrons jamais percer \u00e0 jours tous les secrets de M\u00e8re Nature.<br \/>\nCe qui effraye bien sur nos intellects, toujours en qu\u00eate de reconnaissance et de sophistications alambiqu\u00e9es.<\/p>\n<p>En France, un homme se dresse aujourd&rsquo;hui dans le d\u00e9sert qui r\u00e8gne en la mati\u00e8re, afin de promouvoir l&rsquo;alternative de l&rsquo;agriculture naturelle. Il s&rsquo;agit d&rsquo;<strong>Olivier Barbi\u00e9<\/strong>, auteur d&rsquo;un recueil de po\u00e8mes, d&rsquo;un abr\u00e9g\u00e9 d&rsquo;agriculture naturelle \u00e9tag\u00e9e, d&rsquo;un trait\u00e9 sur l&rsquo;alimentation naturelle, et \u00e9galement fondateur et formateur principal de l&rsquo;ITAN (Institut Technique d&rsquo;Agriculure Naturelle).<\/p>\n<p>Il n&rsquo;est bien sur pas le seul \u00e0 \u0153uvrer dans ce sens, mais son approche a le grand m\u00e9rite d&rsquo;\u00eatre recentr\u00e9e sur l&rsquo;agronomie pure et dure. Ce qui lui permet d&rsquo;instaurer le dialogue avec les agriculteurs, en parlant le m\u00eame langage que les ing\u00e9nieurs agronomes qui les ont form\u00e9s.<\/p>\n<p>C&rsquo;est l\u00e0, de mon point de vu, le sens g\u00e9n\u00e9ral qui ressort de sa d\u00e9marche.<\/p>\n<p style=\"text-align: center;\"><a href=\"http:\/\/www.psukelogos.com\/eon\/wp-content\/uploads\/2013\/10\/Photo-Olivier-Barbie.jpg\"><img decoding=\"async\" loading=\"lazy\" class=\"aligncenter size-full wp-image-827\" src=\"http:\/\/www.psukelogos.com\/eon\/wp-content\/uploads\/2013\/10\/Photo-Olivier-Barbie.jpg\" alt=\"Photo Olivier Barbie\" width=\"140\" height=\"163\" \/><\/a><\/p>\n<p style=\"text-align: center;\">Olivier Barbi\u00e9<\/p>\n<p>Fils et petit-fils de paysans, ses anc\u00eatres pratiquaient d\u00e9j\u00e0 une forme d&rsquo;agriculture naturelle sp\u00e9cifiquement adapt\u00e9e \u00e0 leur terroir. Ce pourquoi son p\u00e8re et lui s&rsquo;int\u00e9ress\u00e8rent aux travaux de Fukuoka. Professeur d&rsquo;\u00e9conomie de son \u00e9tat, \u00e9rudit dans bien des domaines, il s&rsquo;est r\u00e9solu tr\u00e8s t\u00f4t \u00e0 quitter la fili\u00e8re agricole pour ne pas succomber au rouleau compresseur de l&rsquo;agriculture pr\u00e9datrice, issue de la \u00ab\u00a0r\u00e9volution verte\u00a0\u00bb.<\/p>\n<p>Il n&rsquo;en est pas moins rest\u00e9 profond\u00e9ment attach\u00e9 \u00e0 ses racines et \u00e0 sa langue natale d\u2019Occitanie. Et lorsqu&rsquo;il n&rsquo;est pas occup\u00e9 \u00e0 enseigner l&rsquo;\u00e9conomie au sein de l&rsquo;\u00e9ducation nationale, il travaille pour d\u00e9velopper sa propre \u00e9cole : l&rsquo;ITAN, formant ainsi les agriculteurs et les agronomes de demain.<\/p>\n<p>Chemin faisant, il n&rsquo;a de cesse d&rsquo;\u00e9laborer et de perfectionner une solide r\u00e9flexion agronomique, en montrant par la science que l&rsquo;intuition de Fukuoka est partout (sauf conditions extr\u00eames) r\u00e9alisable concr\u00e8tement. Pour y parvenir, et c&rsquo;est l\u00e0 la principale difficult\u00e9 de cette approche culturale, il faut alors consid\u00e9rer chaque arpent de terre, voir m\u00eame chaque plante, et bien entendu chaque cultivateur, comme un sujet particulier. Ce qui selon les cas peut entrainer quelques am\u00e9nagements par rapport aux principes premiers \u00e9nonc\u00e9s par Fukuoka.<\/p>\n<p><center><a href=\"http:\/\/www.psukelogos.com\/eon\/wp-content\/uploads\/2018\/01\/logo.png\"><img decoding=\"async\" loading=\"lazy\" class=\"aligncenter size-full wp-image-1263\" src=\"http:\/\/www.psukelogos.com\/eon\/wp-content\/uploads\/2018\/01\/logo.png\" alt=\"\" width=\"130\" height=\"130\" \/><\/a><a title=\"ITAN\" href=\"http:\/\/itan.fr\/\" target=\"_blank\" rel=\"noopener\">Pour visiter le site de l&rsquo;ITAN, cliquez ici<\/a><\/center><center><\/center>Digne h\u00e9ritier d&rsquo;une paysannerie aujourd&rsquo;hui moribonde, ancr\u00e9e qu&rsquo;elle \u00e9tait dans les gestes et les pratiques du pass\u00e9, Olivier Barbi\u00e9 est un mutant des temps modernes. Sans doute en avance sur son temps par ses id\u00e9es, mais bien ancr\u00e9 dans le pr\u00e9sent imm\u00e9diat au travers de sa d\u00e9termination et de ses actions.<\/p>\n<p>En cela, et parce que la question de l&rsquo;alimentation est \u00e0 mon sens essentielle et premi\u00e8re, il repr\u00e9sente pour moi un acteur majeur du grand changement de paradigme qui est en train de s&rsquo;op\u00e9rer \u00e0 l&rsquo;\u00e9chelle plan\u00e9taire. Au m\u00eame titre peut-\u00eatre qu&rsquo;un Pierre Rabhi ou qu&rsquo;un Claude Bourgignon ? Pour rester en France et dans les domaines de la terre et de la spiritualit\u00e9.<\/p>\n<p>Il y a de cela quelques mois, il m&rsquo;a propos\u00e9 d&rsquo;\u00e9crire sur le forum de l&rsquo;ITAN (qui d\u00e9pend maintenant de l&rsquo;EAD, l&rsquo;\u00c9cole d&rsquo;Agriculture Durable), \u00e0 propos des sujets de mon choix. Les textes dont je placerai \u00e0 la suite les liens sur cette page, sont donc des extraits de discussion entre \u00e9l\u00e8ves et formateurs de l&rsquo;ITAN.<br \/>\nJe n&rsquo;y apporterai que de petites modifications afin que, m\u00eame hors de leur contexte, ils soient compr\u00e9hensibles pour tout le monde. Les articles les plus r\u00e9cents apparaitront en haut de la liste et les plus vieux en fin de page.<\/p>\n<p>Les sujets abord\u00e9s traiteront bien entendu d&rsquo;agriculture naturelle avant tout.<br \/>\nN&rsquo;\u00e9tant encore qu&rsquo;un \u00e9tudiant en mati\u00e8re d&rsquo;agriculture et d&rsquo;agronomie, je cherche surtout \u00e0 enrichir les d\u00e9bats en proposant des r\u00e9flexions d&rsquo;ordre plus g\u00e9n\u00e9ral. Ce qui m&rsquo;am\u00e8ne \u00e0 parler tout aussi bien de psychologie \u00e9sot\u00e9rique, de nutrition, de botanique ou de sant\u00e9 humaine et d&rsquo;\u00e9cologie plan\u00e9taire globale&#8230;<\/p>\n<p>En esp\u00e9rant que ces sujets vous inspireront de fructueuses r\u00e9flexions et contribueront \u00e0 faire connaitre l&rsquo;agriculture naturelle.<\/p>\n<p>Cordialement,<\/p>\n<p>Oromasus<\/p>\n<p>___________________________________________________________________________________________________<\/p>\n<h4><a href=\"http:\/\/www.psukelogos.com\/eon\/wp-content\/uploads\/2018\/01\/2017_07_20_Historique_du_Mas_de_Bro_.jpg\"><img decoding=\"async\" loading=\"lazy\" class=\"size-full wp-image-1247 alignleft\" src=\"http:\/\/www.psukelogos.com\/eon\/wp-content\/uploads\/2018\/01\/2017_07_20_Historique_du_Mas_de_Bro_.jpg\" alt=\"\" width=\"150\" height=\"150\" \/><\/a><a href=\"http:\/\/www.psukelogos.com\/eon\/ead-3-historique-du-mas-de-bro\/\">EAD 3 Historique de Mas de Bro<\/a><\/h4>\n<p>Cette vid\u00e9o est la derni\u00e8re d\u2019une s\u00e9rie de trois, destin\u00e9es \u00e0 pr\u00e9senter le Mas de Bro, si\u00e8ge de l\u2019E.A.D. (\u00c9cole d\u2019Agriculture Durable), situ\u00e9 pr\u00e8s de Saint-M\u00e9dard dans le Lot (46). Olivier Barbi\u00e9, fondateur de cette \u00e9cole, nous relate une partie de l\u2019histoire agricole du Lot, en particulier l\u2019\u00e9dification de structures en pierres s\u00e8ches dans l\u2019ensemble de la r\u00e9gion.<\/p>\n<p>___________________________________________________________________________________________________<\/p>\n<h4><a href=\"http:\/\/www.psukelogos.com\/eon\/wp-content\/uploads\/2018\/01\/2017_07_20_Type_de_cultures_au_Mas_de_Bro_.jpg\"><img decoding=\"async\" loading=\"lazy\" class=\"size-full wp-image-1249 alignleft\" src=\"http:\/\/www.psukelogos.com\/eon\/wp-content\/uploads\/2018\/01\/2017_07_20_Type_de_cultures_au_Mas_de_Bro_.jpg\" alt=\"\" width=\"150\" height=\"150\" \/><\/a><a href=\"http:\/\/www.psukelogos.com\/eon\/ead-2-types-de-cultures-au-mas-de-bro\/\">EAD 2 Types de cultures au Mas de Bro<\/a><\/h4>\n<p>Cette vid\u00e9o est la deuxi\u00e8me d\u2019une s\u00e9rie de trois, destin\u00e9es \u00e0 pr\u00e9senter le Mas de Bro, si\u00e8ge de l\u2019E.A.D. (\u00c9cole d\u2019Agriculture Durable), situ\u00e9 pr\u00e8s de Saint-M\u00e9dard dans le Lot (46). Olivier Barbi\u00e9, fondateur de cette \u00e9cole, nous explique la strat\u00e9gie qu\u2019il a retenu pour cultiver les terres difficiles du causse et passe en revue les plantes qu\u2019il envisage d\u2019y produire.<\/p>\n<p>___________________________________________________________________________________________________<\/p>\n<h4><a href=\"http:\/\/www.psukelogos.com\/eon\/wp-content\/uploads\/2018\/01\/2017_07_20_Presentation_du_Mas_de_Bro_.jpg\"><img decoding=\"async\" loading=\"lazy\" class=\"size-full wp-image-1248 alignleft\" src=\"http:\/\/www.psukelogos.com\/eon\/wp-content\/uploads\/2018\/01\/2017_07_20_Presentation_du_Mas_de_Bro_.jpg\" alt=\"\" width=\"150\" height=\"150\" \/><\/a><a href=\"http:\/\/www.psukelogos.com\/eon\/ead-1-presentation-du-mas-de-bro\/\">EAD 1 Pr\u00e9sentation du Mas de Bro<\/a><\/h4>\n<p>Cette vid\u00e9o est la premi\u00e8re d\u2019une s\u00e9rie de trois, destin\u00e9es \u00e0 pr\u00e9senter le Mas de Bro, si\u00e8ge de l\u2019E.A.D. (\u00c9cole d\u2019Agriculture Durable), situ\u00e9 pr\u00e8s de Saint-M\u00e9dard dans le Lot (46). Olivier Barbi\u00e9, fondateur de cette \u00e9cole, nous d\u00e9crit le lieu et les caract\u00e9ristiques du terrain.<\/p>\n<p>___________________________________________________________________________________________________<\/p>\n<p><img decoding=\"async\" loading=\"lazy\" class=\"alignleft size-full wp-image-882\" src=\"http:\/\/www.psukelogos.com\/eon\/wp-content\/uploads\/2013\/10\/Parlons-nous_Vignette.jpg\" alt=\"Parlons-nous_Vignette\" width=\"125\" height=\"83\" \/><br \/>\n<a title=\"Parlons-nous de la m\u00eame chose ?\" href=\"http:\/\/www.psukelogos.com\/eon\/parlons-nous-de-la-meme-chose\/\"><strong>Parlons-nous de la m\u00eame chose ?<\/strong><\/a><\/p>\n<p>___________________________________________________________________________________________________<\/p>\n<p><img decoding=\"async\" loading=\"lazy\" class=\"alignleft size-full wp-image-859\" src=\"http:\/\/www.psukelogos.com\/eon\/wp-content\/uploads\/2013\/10\/Alimentation-et-agriculture_Vignette.jpg\" alt=\"Alimentation-et-agriculture_Vignette\" width=\"125\" height=\"83\" \/><br \/>\n<a title=\"Agriculture et alimentation\" href=\"http:\/\/www.psukelogos.com\/eon\/agriculture-et-alimentation\/\"><strong>Agriculture et alimentation<\/strong><\/a><\/p>\n<p>___________________________________________________________________________________________________<\/p>\n<p><img decoding=\"async\" loading=\"lazy\" class=\"alignleft size-full wp-image-856\" src=\"http:\/\/www.psukelogos.com\/eon\/wp-content\/uploads\/2013\/10\/Homeostasie_Vignette.jpg\" alt=\"Homeostasie_Vignette\" width=\"125\" height=\"83\" \/><br \/>\n<a title=\"Le principe d'hom\u00e9ostasie\" href=\"http:\/\/www.psukelogos.com\/eon\/le-principe-dhomeostasie\/\"><strong>Le principe d&rsquo;hom\u00e9ostasie<\/strong><\/a><\/p>\n<p>___________________________________________________________________________________________________<\/p>\n<p><img decoding=\"async\" loading=\"lazy\" class=\"alignleft size-full wp-image-862\" src=\"http:\/\/www.psukelogos.com\/eon\/wp-content\/uploads\/2013\/10\/Non-faire_Vignette.jpg\" alt=\"Non-faire_Vignette\" width=\"125\" height=\"83\" \/><br \/>\n<a title=\"Le \" href=\"http:\/\/www.psukelogos.com\/eon\/le-non-faire-et-le-non-agir\/\"><strong>Le \u00ab\u00a0non faire\u00a0\u00bb et le \u00ab\u00a0non agir\u00a0\u00bb<\/strong><\/a><\/p>\n<h4><\/h4>\n<p>&nbsp;<\/p>\n<p>&nbsp;<\/p>\n<p>&nbsp;<\/p>\n<p>&nbsp;<\/p>\n<p>&nbsp;<\/p>\n<p>&nbsp;<\/p>\n<p>.<\/p>\n","protected":false},"excerpt":{"rendered":"<p>Je cr\u00e9\u00e9 cette page aujourd&rsquo;hui, afin d&rsquo;y placer quelques textes \u00e9crits dans le cadre de mes \u00e9tudes en agriculture naturelle. Cette nouvelle approche de la conduite d&rsquo;une culture v\u00e9g\u00e9tale, a \u00e9t\u00e9 pour la premi\u00e8re fois exp\u00e9riment\u00e9e concr\u00e8tement au Japon, par le microbiologiste de formation Masanobu Fukuoka. Confront\u00e9 \u00e0 la r\u00e9alit\u00e9 de sa propre mort lors [&hellip;]<\/p>\n","protected":false},"author":1,"featured_media":868,"parent":319,"menu_order":2,"comment_status":"closed","ping_status":"closed","template":"","meta":[],"_links":{"self":[{"href":"https:\/\/www.psukelogos.com\/eon\/wp-json\/wp\/v2\/pages\/825"}],"collection":[{"href":"https:\/\/www.psukelogos.com\/eon\/wp-json\/wp\/v2\/pages"}],"about":[{"href":"https:\/\/www.psukelogos.com\/eon\/wp-json\/wp\/v2\/types\/page"}],"author":[{"embeddable":true,"href":"https:\/\/www.psukelogos.com\/eon\/wp-json\/wp\/v2\/users\/1"}],"replies":[{"embeddable":true,"href":"https:\/\/www.psukelogos.com\/eon\/wp-json\/wp\/v2\/comments?post=825"}],"version-history":[{"count":11,"href":"https:\/\/www.psukelogos.com\/eon\/wp-json\/wp\/v2\/pages\/825\/revisions"}],"predecessor-version":[{"id":1266,"href":"https:\/\/www.psukelogos.com\/eon\/wp-json\/wp\/v2\/pages\/825\/revisions\/1266"}],"up":[{"embeddable":true,"href":"https:\/\/www.psukelogos.com\/eon\/wp-json\/wp\/v2\/pages\/319"}],"wp:featuredmedia":[{"embeddable":true,"href":"https:\/\/www.psukelogos.com\/eon\/wp-json\/wp\/v2\/media\/868"}],"wp:attachment":[{"href":"https:\/\/www.psukelogos.com\/eon\/wp-json\/wp\/v2\/media?parent=825"}],"curies":[{"name":"wp","href":"https:\/\/api.w.org\/{rel}","templated":true}]}}